
{"id":2941,"date":"2024-02-08T20:24:44","date_gmt":"2024-02-08T20:24:44","guid":{"rendered":"https:\/\/tenisoriente.cl\/tenisoriente\/?page_id=2941"},"modified":"2024-02-09T04:17:54","modified_gmt":"2024-02-09T04:17:54","slug":"mision","status":"publish","type":"page","link":"https:\/\/amto.cl\/tenisoriente\/mision\/","title":{"rendered":"Estatutos"},"content":{"rendered":"\t\t<div data-elementor-type=\"wp-page\" data-elementor-id=\"2941\" class=\"elementor elementor-2941\" data-elementor-post-type=\"page\">\n\t\t\t\t<div class=\"elementor-element elementor-element-d2b459b e-flex e-con-boxed e-con e-parent\" data-id=\"d2b459b\" data-element_type=\"container\" data-e-type=\"container\">\n\t\t\t\t\t<div class=\"e-con-inner\">\n\t\t\t\t<div class=\"elementor-element elementor-element-4a00198 elementor-widget elementor-widget-heading\" data-id=\"4a00198\" data-element_type=\"widget\" data-e-type=\"widget\" data-widget_type=\"heading.default\">\n\t\t\t\t<div class=\"elementor-widget-container\">\n\t\t\t\t\t<h2 class=\"elementor-heading-title elementor-size-default\">ESTATUTOS<\/h2>\t\t\t\t<\/div>\n\t\t\t\t<\/div>\n\t\t\t\t\t<\/div>\n\t\t\t\t<\/div>\n\t\t<div class=\"elementor-element elementor-element-dc453ad e-flex e-con-boxed e-con e-parent\" data-id=\"dc453ad\" data-element_type=\"container\" data-e-type=\"container\">\n\t\t\t\t\t<div class=\"e-con-inner\">\n\t\t\t\t<div class=\"elementor-element elementor-element-b6e251a elementor-widget elementor-widget-text-editor\" data-id=\"b6e251a\" data-element_type=\"widget\" data-e-type=\"widget\" data-widget_type=\"text-editor.default\">\n\t\t\t\t<div class=\"elementor-widget-container\">\n\t\t\t\t\t\t\t\t\t<p><u><b>Promulgaci\u00f3n<\/b><\/u><strong>:<\/strong>&nbsp; &nbsp; &nbsp;20-DIC-2005<\/p>\n<p><strong><u>Publicaci\u00f3n<\/u>:<\/strong>&nbsp; &nbsp; &nbsp; &nbsp; 21-JUL-2008<\/p>\n<p><u><strong>Versi\u00f3n:<\/strong>&nbsp;\u00danica<\/u> &#8211;&nbsp;21-JUL-2008<\/p>\t\t\t\t\t\t\t\t<\/div>\n\t\t\t\t<\/div>\n\t\t\t\t<div class=\"elementor-element elementor-element-97e9b58 elementor-widget elementor-widget-heading\" data-id=\"97e9b58\" data-element_type=\"widget\" data-e-type=\"widget\" data-widget_type=\"heading.default\">\n\t\t\t\t<div class=\"elementor-widget-container\">\n\t\t\t\t\t<h2 class=\"elementor-heading-title elementor-size-default\">DECRETO 880<\/h2>\t\t\t\t<\/div>\n\t\t\t\t<\/div>\n\t\t\t\t<div class=\"elementor-element elementor-element-9517721 elementor-widget elementor-widget-text-editor\" data-id=\"9517721\" data-element_type=\"widget\" data-e-type=\"widget\" data-widget_type=\"text-editor.default\">\n\t\t\t\t<div class=\"elementor-widget-container\">\n\t\t\t\t\t\t\t\t\t<h4 class=\"card-title\">CONCEDE PERSONALIDAD JURIDICA Y APRUEBA LOS ESTATUTOS A LA ENTIDAD DENOMINADA ASOCIACION METROPOLITANA DE TENIS LAS CONDES<\/h4><p class=\"card-text\">MINISTERIO DE JUSTICIA<\/p><div><p class=\"card-text\">APRUEBA REFORMA DE ESTATUTOS,<\/p><p class=\"card-text\">Parte Modificatoria:\u00a0<a href=\"https:\/\/www.bcn.cl\/leychile\/Navegar?idNorma=274497&amp;idParte=7375958&amp;idVersion=2008-07-21\">Decreto 4288 EXENTO\u00a0&#8211; Norma<\/a><\/p><\/div>\t\t\t\t\t\t\t\t<\/div>\n\t\t\t\t<\/div>\n\t\t\t\t<div class=\"elementor-element elementor-element-af63d13 elementor-widget elementor-widget-heading\" data-id=\"af63d13\" data-element_type=\"widget\" data-e-type=\"widget\" data-widget_type=\"heading.default\">\n\t\t\t\t<div class=\"elementor-widget-container\">\n\t\t\t\t\t<h2 class=\"elementor-heading-title elementor-size-default\">DECRETO 4288 EXENTO<\/h2>\t\t\t\t<\/div>\n\t\t\t\t<\/div>\n\t\t\t\t<div class=\"elementor-element elementor-element-7cbffcf elementor-widget elementor-widget-text-editor\" data-id=\"7cbffcf\" data-element_type=\"widget\" data-e-type=\"widget\" data-widget_type=\"text-editor.default\">\n\t\t\t\t<div class=\"elementor-widget-container\">\n\t\t\t\t\t\t\t\t\t<h4>APRUEBA REFORMAS DE ESTATUTOS A &#8220;ASOCIACI\u00d3N METROPOLITANA DE TENIS ORIENTE&#8221;, DE SANTIAGO<\/h4><p>MINISTERIO DE JUSTICIA<\/p>\t\t\t\t\t\t\t\t<\/div>\n\t\t\t\t<\/div>\n\t\t\t\t<div class=\"elementor-element elementor-element-64676b3 elementor-widget elementor-widget-heading\" data-id=\"64676b3\" data-element_type=\"widget\" data-e-type=\"widget\" data-widget_type=\"heading.default\">\n\t\t\t\t<div class=\"elementor-widget-container\">\n\t\t\t\t\t<h4 class=\"elementor-heading-title elementor-size-default\">ENCABEZADO<\/h4>\t\t\t\t<\/div>\n\t\t\t\t<\/div>\n\t\t\t\t<div class=\"elementor-element elementor-element-bf00518 elementor-widget elementor-widget-text-editor\" data-id=\"bf00518\" data-element_type=\"widget\" data-e-type=\"widget\" data-widget_type=\"text-editor.default\">\n\t\t\t\t<div class=\"elementor-widget-container\">\n\t\t\t\t\t\t\t\t\t<div class=\"p\">APRUEBA REFORMAS DE ESTATUTOS A &#8220;ASOCIACI\u00d3N METROPOLITANA DE TENIS ORIENTE&#8221;, DE SANTIAGO<\/div><p>\u00a0<\/p><div class=\"p\">\u00a0 \u00a0 Santiago, 20 de diciembre de 2005.- Hoy se decret\u00f3 lo que sigue:<\/div><div class=\"p\">\u00a0 \u00a0 N\u00fam. 4.288 exento.- Vistos: estos antecedentes, lo dispuesto en el decreto supremo de Justicia N\u00ba 110, de 1979, publicado en el Diario Oficial de 20 de marzo de 1979, Reglamento sobre Concesi\u00f3n de Personalidad Jur\u00eddica a Corporaciones y Fundaciones, modificado por decreto supremo de Justicia N\u00ba 679, de 2003, publicado en el Diario Oficial de 13 de febrero de 2004, en la resoluci\u00f3n N\u00ba 520, de 1996, modificada por resoluci\u00f3n N\u00ba 661, de 2002, ambas de la Contralor\u00eda General de la Rep\u00fablica, y en la ley N\u00ba 19.712 y su reglamento, contenido en el decreto supremo N\u00ba 59, de 2001, del Ministerio Secretar\u00eda General de Gobierno,<\/div><p>\u00a0<\/p><div class=\"p\">\u00a0 \u00a0 Decreto:<\/div>\t\t\t\t\t\t\t\t<\/div>\n\t\t\t\t<\/div>\n\t\t\t\t<div class=\"elementor-element elementor-element-f918eca elementor-widget elementor-widget-heading\" data-id=\"f918eca\" data-element_type=\"widget\" data-e-type=\"widget\" data-widget_type=\"heading.default\">\n\t\t\t\t<div class=\"elementor-widget-container\">\n\t\t\t\t\t<h4 class=\"elementor-heading-title elementor-size-default\">ART\u00cdCULO<\/h4>\t\t\t\t<\/div>\n\t\t\t\t<\/div>\n\t\t\t\t<div class=\"elementor-element elementor-element-94c2627 elementor-widget elementor-widget-text-editor\" data-id=\"94c2627\" data-element_type=\"widget\" data-e-type=\"widget\" data-widget_type=\"text-editor.default\">\n\t\t\t\t<div class=\"elementor-widget-container\">\n\t\t\t\t\t\t\t\t\t<div class=\"p\">\u00a0 \u00a0 1.- Apru\u00e9banse las reformas que ha acordado introducir a sus estatutos la entidad denominada &#8220;Asociaci\u00f3n Metropolitana de Tenis Oriente&#8221;, con domicilio en la provincia de Santiago, Regi\u00f3n Metropolitana de Santiago, y personalidad jur\u00eddica concedida por decreto supremo de Justicia N\u00ba 880, de fecha 27 de junio de 1980, en los t\u00e9rminos que da testimonio el instrumento protocolizado bajo el N\u00ba 600, con fecha 16 de junio de 2005, en la Notar\u00eda P\u00fablica de Santiago, de don Ra\u00fal Iv\u00e1n Perry Pefaur.<\/div><div class=\"p\">\u00a0 \u00a0 2.- Decl\u00e1rese que de conformidad a las reformas aprobadas por el presente decreto, la entidad en lo sucesivo se denominar\u00e1 &#8220;Asociaci\u00f3n Deportiva Metropolitana de Tenis Oriente&#8221;, la que podr\u00e1 actuar ante las autoridades deportivas, pol\u00edticas y administrativas, ante \u00f3rganos p\u00fablicos y privados, con el nombre de &#8220;Metropolitana de Tenis Oriente&#8221;, que es diferente de las dem\u00e1s entidades existentes en dicha provincia e inscritas en el Registro de Personas Jur\u00eddicas de este Ministerio.<\/div>\t\t\t\t\t\t\t\t<\/div>\n\t\t\t\t<\/div>\n\t\t\t\t<div class=\"elementor-element elementor-element-776e24b elementor-widget elementor-widget-heading\" data-id=\"776e24b\" data-element_type=\"widget\" data-e-type=\"widget\" data-widget_type=\"heading.default\">\n\t\t\t\t<div class=\"elementor-widget-container\">\n\t\t\t\t\t<h4 class=\"elementor-heading-title elementor-size-default\">PROMULGACI\u00d3N<\/h4>\t\t\t\t<\/div>\n\t\t\t\t<\/div>\n\t\t\t\t<div class=\"elementor-element elementor-element-0e0ecc2 elementor-widget elementor-widget-text-editor\" data-id=\"0e0ecc2\" data-element_type=\"widget\" data-e-type=\"widget\" data-widget_type=\"text-editor.default\">\n\t\t\t\t<div class=\"elementor-widget-container\">\n\t\t\t\t\t\t\t\t\t<div class=\"p\">\u00a0 \u00a0 An\u00f3tese, comun\u00edquese y publ\u00edquese.- Por orden del Presidente de la Rep\u00fablica, Luis Bates Hidalgo, Ministro de Justicia.<\/div><div class=\"p\">\u00a0 \u00a0 Lo que transcribo para su conocimiento.- Le saluda atentamente, Jaime Arellano Quintana, Subsecretario de Justicia.<\/div>\t\t\t\t\t\t\t\t<\/div>\n\t\t\t\t<\/div>\n\t\t\t\t\t<\/div>\n\t\t\t\t<\/div>\n\t\t<div class=\"elementor-element elementor-element-b4d0d05 e-flex e-con-boxed e-con e-parent\" data-id=\"b4d0d05\" data-element_type=\"container\" data-e-type=\"container\">\n\t\t\t\t\t<div class=\"e-con-inner\">\n\t\t\t\t\t<\/div>\n\t\t\t\t<\/div>\n\t\t\t\t<\/div>\n\t\t","protected":false},"excerpt":{"rendered":"<p>ESTATUTOS Promulgaci\u00f3n:&nbsp; &nbsp; &nbsp;20-DIC-2005 Publicaci\u00f3n:&nbsp; &nbsp; &nbsp; &nbsp; 21-JUL-2008 Versi\u00f3n:&nbsp;\u00danica &#8211;&nbsp;21-JUL-2008 DECRETO 880 CONCEDE PERSONALIDAD JURIDICA Y APRUEBA LOS ESTATUTOS A LA ENTIDAD DENOMINADA ASOCIACION METROPOLITANA DE TENIS LAS CONDES MINISTERIO DE JUSTICIA APRUEBA REFORMA DE ESTATUTOS, Parte Modificatoria:\u00a0Decreto 4288 EXENTO\u00a0&#8211; Norma DECRETO 4288 EXENTO APRUEBA REFORMAS DE ESTATUTOS A &#8220;ASOCIACI\u00d3N METROPOLITANA DE TENIS ORIENTE&#8221;, [&hellip;]<\/p>\n","protected":false},"author":1,"featured_media":0,"parent":0,"menu_order":0,"comment_status":"closed","ping_status":"closed","template":"elementor_header_footer","meta":{"footnotes":""},"class_list":["post-2941","page","type-page","status-publish","hentry"],"yoast_head":"<!-- This site is optimized with the Yoast SEO plugin v26.3 - https:\/\/yoast.com\/wordpress\/plugins\/seo\/ -->\n<title>Estatutos - Amto<\/title>\n<meta name=\"robots\" content=\"index, follow, max-snippet:-1, max-image-preview:large, max-video-preview:-1\" \/>\n<link rel=\"canonical\" href=\"https:\/\/amto.cl\/tenisoriente\/mision\/\" \/>\n<meta property=\"og:locale\" content=\"es_ES\" \/>\n<meta property=\"og:type\" content=\"article\" \/>\n<meta property=\"og:title\" content=\"Estatutos - Amto\" \/>\n<meta property=\"og:description\" content=\"ESTATUTOS Promulgaci\u00f3n:&nbsp; &nbsp; &nbsp;20-DIC-2005 Publicaci\u00f3n:&nbsp; &nbsp; &nbsp; &nbsp; 21-JUL-2008 Versi\u00f3n:&nbsp;\u00danica &#8211;&nbsp;21-JUL-2008 DECRETO 880 CONCEDE PERSONALIDAD JURIDICA Y APRUEBA LOS ESTATUTOS A LA ENTIDAD DENOMINADA ASOCIACION METROPOLITANA DE TENIS LAS CONDES MINISTERIO DE JUSTICIA APRUEBA REFORMA DE ESTATUTOS, Parte Modificatoria:\u00a0Decreto 4288 EXENTO\u00a0&#8211; Norma DECRETO 4288 EXENTO APRUEBA REFORMAS DE ESTATUTOS A &#8220;ASOCIACI\u00d3N METROPOLITANA DE TENIS ORIENTE&#8221;, [&hellip;]\" \/>\n<meta property=\"og:url\" content=\"https:\/\/amto.cl\/tenisoriente\/mision\/\" \/>\n<meta property=\"og:site_name\" content=\"Amto\" \/>\n<meta property=\"article:modified_time\" content=\"2024-02-09T04:17:54+00:00\" \/>\n<meta name=\"twitter:card\" content=\"summary_large_image\" \/>\n<meta name=\"twitter:label1\" content=\"Tiempo de lectura\" \/>\n\t<meta name=\"twitter:data1\" content=\"2 minutos\" \/>\n<script type=\"application\/ld+json\" class=\"yoast-schema-graph\">{\"@context\":\"https:\/\/schema.org\",\"@graph\":[{\"@type\":\"WebPage\",\"@id\":\"https:\/\/amto.cl\/tenisoriente\/mision\/\",\"url\":\"https:\/\/amto.cl\/tenisoriente\/mision\/\",\"name\":\"Estatutos - Amto\",\"isPartOf\":{\"@id\":\"https:\/\/amto.cl\/tenisoriente\/#website\"},\"datePublished\":\"2024-02-08T20:24:44+00:00\",\"dateModified\":\"2024-02-09T04:17:54+00:00\",\"breadcrumb\":{\"@id\":\"https:\/\/amto.cl\/tenisoriente\/mision\/#breadcrumb\"},\"inLanguage\":\"es\",\"potentialAction\":[{\"@type\":\"ReadAction\",\"target\":[\"https:\/\/amto.cl\/tenisoriente\/mision\/\"]}]},{\"@type\":\"BreadcrumbList\",\"@id\":\"https:\/\/amto.cl\/tenisoriente\/mision\/#breadcrumb\",\"itemListElement\":[{\"@type\":\"ListItem\",\"position\":1,\"name\":\"Portada\",\"item\":\"https:\/\/amto.cl\/tenisoriente\/\"},{\"@type\":\"ListItem\",\"position\":2,\"name\":\"Estatutos\"}]},{\"@type\":\"WebSite\",\"@id\":\"https:\/\/amto.cl\/tenisoriente\/#website\",\"url\":\"https:\/\/amto.cl\/tenisoriente\/\",\"name\":\"www.amto.cl\",\"description\":\"Asociacion Metropolitana de Tenis Oriente AMTO\",\"publisher\":{\"@id\":\"https:\/\/amto.cl\/tenisoriente\/#organization\"},\"alternateName\":\"TENISORIENTE\",\"potentialAction\":[{\"@type\":\"SearchAction\",\"target\":{\"@type\":\"EntryPoint\",\"urlTemplate\":\"https:\/\/amto.cl\/tenisoriente\/?s={search_term_string}\"},\"query-input\":{\"@type\":\"PropertyValueSpecification\",\"valueRequired\":true,\"valueName\":\"search_term_string\"}}],\"inLanguage\":\"es\"},{\"@type\":\"Organization\",\"@id\":\"https:\/\/amto.cl\/tenisoriente\/#organization\",\"name\":\"Amto\",\"alternateName\":\"amto.cl\",\"url\":\"https:\/\/amto.cl\/tenisoriente\/\",\"logo\":{\"@type\":\"ImageObject\",\"inLanguage\":\"es\",\"@id\":\"https:\/\/amto.cl\/tenisoriente\/#\/schema\/logo\/image\/\",\"url\":\"https:\/\/amto.cl\/tenisoriente\/wp-content\/uploads\/2024\/02\/logo.png\",\"contentUrl\":\"https:\/\/amto.cl\/tenisoriente\/wp-content\/uploads\/2024\/02\/logo.png\",\"width\":278,\"height\":80,\"caption\":\"Amto\"},\"image\":{\"@id\":\"https:\/\/amto.cl\/tenisoriente\/#\/schema\/logo\/image\/\"}}]}<\/script>\n<!-- \/ Yoast SEO plugin. -->","yoast_head_json":{"title":"Estatutos - Amto","robots":{"index":"index","follow":"follow","max-snippet":"max-snippet:-1","max-image-preview":"max-image-preview:large","max-video-preview":"max-video-preview:-1"},"canonical":"https:\/\/amto.cl\/tenisoriente\/mision\/","og_locale":"es_ES","og_type":"article","og_title":"Estatutos - Amto","og_description":"ESTATUTOS Promulgaci\u00f3n:&nbsp; &nbsp; &nbsp;20-DIC-2005 Publicaci\u00f3n:&nbsp; &nbsp; &nbsp; &nbsp; 21-JUL-2008 Versi\u00f3n:&nbsp;\u00danica &#8211;&nbsp;21-JUL-2008 DECRETO 880 CONCEDE PERSONALIDAD JURIDICA Y APRUEBA LOS ESTATUTOS A LA ENTIDAD DENOMINADA ASOCIACION METROPOLITANA DE TENIS LAS CONDES MINISTERIO DE JUSTICIA APRUEBA REFORMA DE ESTATUTOS, Parte Modificatoria:\u00a0Decreto 4288 EXENTO\u00a0&#8211; Norma DECRETO 4288 EXENTO APRUEBA REFORMAS DE ESTATUTOS A &#8220;ASOCIACI\u00d3N METROPOLITANA DE TENIS ORIENTE&#8221;, [&hellip;]","og_url":"https:\/\/amto.cl\/tenisoriente\/mision\/","og_site_name":"Amto","article_modified_time":"2024-02-09T04:17:54+00:00","twitter_card":"summary_large_image","twitter_misc":{"Tiempo de lectura":"2 minutos"},"schema":{"@context":"https:\/\/schema.org","@graph":[{"@type":"WebPage","@id":"https:\/\/amto.cl\/tenisoriente\/mision\/","url":"https:\/\/amto.cl\/tenisoriente\/mision\/","name":"Estatutos - Amto","isPartOf":{"@id":"https:\/\/amto.cl\/tenisoriente\/#website"},"datePublished":"2024-02-08T20:24:44+00:00","dateModified":"2024-02-09T04:17:54+00:00","breadcrumb":{"@id":"https:\/\/amto.cl\/tenisoriente\/mision\/#breadcrumb"},"inLanguage":"es","potentialAction":[{"@type":"ReadAction","target":["https:\/\/amto.cl\/tenisoriente\/mision\/"]}]},{"@type":"BreadcrumbList","@id":"https:\/\/amto.cl\/tenisoriente\/mision\/#breadcrumb","itemListElement":[{"@type":"ListItem","position":1,"name":"Portada","item":"https:\/\/amto.cl\/tenisoriente\/"},{"@type":"ListItem","position":2,"name":"Estatutos"}]},{"@type":"WebSite","@id":"https:\/\/amto.cl\/tenisoriente\/#website","url":"https:\/\/amto.cl\/tenisoriente\/","name":"www.amto.cl","description":"Asociacion Metropolitana de Tenis Oriente AMTO","publisher":{"@id":"https:\/\/amto.cl\/tenisoriente\/#organization"},"alternateName":"TENISORIENTE","potentialAction":[{"@type":"SearchAction","target":{"@type":"EntryPoint","urlTemplate":"https:\/\/amto.cl\/tenisoriente\/?s={search_term_string}"},"query-input":{"@type":"PropertyValueSpecification","valueRequired":true,"valueName":"search_term_string"}}],"inLanguage":"es"},{"@type":"Organization","@id":"https:\/\/amto.cl\/tenisoriente\/#organization","name":"Amto","alternateName":"amto.cl","url":"https:\/\/amto.cl\/tenisoriente\/","logo":{"@type":"ImageObject","inLanguage":"es","@id":"https:\/\/amto.cl\/tenisoriente\/#\/schema\/logo\/image\/","url":"https:\/\/amto.cl\/tenisoriente\/wp-content\/uploads\/2024\/02\/logo.png","contentUrl":"https:\/\/amto.cl\/tenisoriente\/wp-content\/uploads\/2024\/02\/logo.png","width":278,"height":80,"caption":"Amto"},"image":{"@id":"https:\/\/amto.cl\/tenisoriente\/#\/schema\/logo\/image\/"}}]}},"_links":{"self":[{"href":"https:\/\/amto.cl\/tenisoriente\/wp-json\/wp\/v2\/pages\/2941","targetHints":{"allow":["GET"]}}],"collection":[{"href":"https:\/\/amto.cl\/tenisoriente\/wp-json\/wp\/v2\/pages"}],"about":[{"href":"https:\/\/amto.cl\/tenisoriente\/wp-json\/wp\/v2\/types\/page"}],"author":[{"embeddable":true,"href":"https:\/\/amto.cl\/tenisoriente\/wp-json\/wp\/v2\/users\/1"}],"replies":[{"embeddable":true,"href":"https:\/\/amto.cl\/tenisoriente\/wp-json\/wp\/v2\/comments?post=2941"}],"version-history":[{"count":9,"href":"https:\/\/amto.cl\/tenisoriente\/wp-json\/wp\/v2\/pages\/2941\/revisions"}],"predecessor-version":[{"id":3070,"href":"https:\/\/amto.cl\/tenisoriente\/wp-json\/wp\/v2\/pages\/2941\/revisions\/3070"}],"wp:attachment":[{"href":"https:\/\/amto.cl\/tenisoriente\/wp-json\/wp\/v2\/media?parent=2941"}],"curies":[{"name":"wp","href":"https:\/\/api.w.org\/{rel}","templated":true}]}}